{"id":1440,"date":"2024-11-18T11:47:40","date_gmt":"2024-11-18T11:47:40","guid":{"rendered":"https:\/\/digrafpackaging.com\/qualite\/"},"modified":"2025-07-29T08:38:27","modified_gmt":"2025-07-29T08:38:27","slug":"qualite","status":"publish","type":"page","link":"https:\/\/digrafpackaging.com\/fr\/qualite\/","title":{"rendered":"Qualit\u00e9"},"content":{"rendered":"\n<h2>\n\t\tQualit\u00e9\n\t<\/h2>\n<h3>\n\t\tTRENTE ANS D&#8217;EXP\u00c9RIENCE\n\t<\/h3>\n\t<p>Nous garantissons la qualit\u00e9 gr\u00e2ce \u00e0 l&#8217;utilisation d&#8217;une technologie avanc\u00e9e, \u00e0 la formation de notre \u00e9quipe et \u00e0 l&#8217;innovation dans les processus de conception et de traitement du carton. De plus, nous travaillons activement \u00e0 la protection de l&#8217;environnement, en garantissant l&#8217;utilisation de mat\u00e9riaux provenant de sources responsables et durables. Nous int\u00e9grons la durabilit\u00e9, l&#8217;innovation et la responsabilit\u00e9 sociale \u00e0 chaque \u00e9tape de notre travail.  <\/p>\n<h2>\n\t\tMiser sur la Qualit\u00e9\n\t<\/h2>\n\t\t\t<a href=\"https:\/\/digrafpackaging.com\/wp-content\/uploads\/0037717-QMS-FRAFR-UKAS.pdf\" target=\"_blank\" rel=\"noopener\">\n\t\t\t\t\t\tT\u00c9L\u00c9CHARGER LA CERTIFICATION QUALIT\u00c9\n\t\t\t\t\t<\/a>\n<h2>\n\t\tProt\u00e9ger l&#8217;environnement\n\t<\/h2>\n\t\t\t<a href=\"https:\/\/digrafpackaging.com\/wp-content\/uploads\/ESLOG_060352_CertificateFSC_Final.pdf\" target=\"_blank\" rel=\"noopener\">\n\t\t\t\t\t\tT\u00c9L\u00c9CHARGER LA CERTIFICATION FSC\n\t\t\t\t\t<\/a>\n\t\t\t<a href=\"https:\/\/digrafpackaging.com\/wp-content\/uploads\/ESLOG_093969_CertificatePEFC_Final.pdf\" target=\"_blank\" rel=\"noopener\">\n\t\t\t\t\t\tT\u00c9L\u00c9CHARGER LA CERTIFICATION PEFC\n\t\t\t\t\t<\/a>\n\t\t\t<a href=\"https:\/\/digrafpackaging.com\/wp-content\/uploads\/Politica-de-calidad-cadena-de-custodia-1.pdf\" target=\"_blank\" rel=\"noopener\">\n\t\t\t\t\t\tT\u00c9L\u00c9CHARGER LA POLITIQUE DE QUALIT\u00c9 DE LA CHA\u00ceNE DE TRA\u00c7ABILIT\u00c9\n\t\t\t\t\t<\/a>\n<h2>\n\t\tNous nous occupons de S\u00e9curit\u00e9 Alimentaire\n\t<\/h2>\n\t\t\t<a href=\"https:\/\/digrafpackaging.com\/wp-content\/uploads\/00037617-BRCIOP-ENGUS-UKAS.pdf\" target=\"_blank\" rel=\"noopener\">\n\t\t\t\t\t\tT\u00c9L\u00c9CHARGER LA CERTIFICATION BRCGS\n\t\t\t\t\t<\/a>\n\n","protected":false},"excerpt":{"rendered":"<p>Qualit\u00e9 TRENTE ANS D&#8217;EXP\u00c9RIENCE Nous garantissons la qualit\u00e9 gr\u00e2ce \u00e0 l&#8217;utilisation d&#8217;une technologie avanc\u00e9e, \u00e0 la formation de notre \u00e9quipe et \u00e0 l&#8217;innovation dans les processus de conception et de traitement du carton. De plus, nous travaillons activement \u00e0 la protection de l&#8217;environnement, en garantissant l&#8217;utilisation de mat\u00e9riaux provenant de sources responsables et durables. Nous&hellip;<\/p>\n","protected":false},"author":1,"featured_media":0,"parent":0,"menu_order":0,"comment_status":"closed","ping_status":"closed","template":"","meta":{"rank_math_lock_modified_date":false,"footnotes":""},"class_list":["post-1440","page","type-page","status-publish","hentry"],"_links":{"self":[{"href":"https:\/\/digrafpackaging.com\/fr\/wp-json\/wp\/v2\/pages\/1440","targetHints":{"allow":["GET"]}}],"collection":[{"href":"https:\/\/digrafpackaging.com\/fr\/wp-json\/wp\/v2\/pages"}],"about":[{"href":"https:\/\/digrafpackaging.com\/fr\/wp-json\/wp\/v2\/types\/page"}],"author":[{"embeddable":true,"href":"https:\/\/digrafpackaging.com\/fr\/wp-json\/wp\/v2\/users\/1"}],"replies":[{"embeddable":true,"href":"https:\/\/digrafpackaging.com\/fr\/wp-json\/wp\/v2\/comments?post=1440"}],"version-history":[{"count":6,"href":"https:\/\/digrafpackaging.com\/fr\/wp-json\/wp\/v2\/pages\/1440\/revisions"}],"predecessor-version":[{"id":1472,"href":"https:\/\/digrafpackaging.com\/fr\/wp-json\/wp\/v2\/pages\/1440\/revisions\/1472"}],"wp:attachment":[{"href":"https:\/\/digrafpackaging.com\/fr\/wp-json\/wp\/v2\/media?parent=1440"}],"curies":[{"name":"wp","href":"https:\/\/api.w.org\/{rel}","templated":true}]}}