{"id":1238,"date":"2024-05-08T05:45:23","date_gmt":"2024-05-08T05:45:23","guid":{"rendered":"https:\/\/digrafpackaging.com\/processus\/"},"modified":"2025-02-24T17:47:10","modified_gmt":"2025-02-24T17:47:10","slug":"processus","status":"publish","type":"page","link":"https:\/\/digrafpackaging.com\/fr\/processus\/","title":{"rendered":"Processus"},"content":{"rendered":"\n\n\t<p>Nous transformons des concepts et des id\u00e9es en packaging et r\u00e9alisations haut-de-gamme. Et nous le faisons gr\u00e2ce au processus et flux de travail con\u00e7us pour couvrir depuis la vision et les conseils initiaux en passant par l&#8217;am\u00e9lioration et perfectionnement du design. Et qui aboutissent avec des techniques d&#8217;impression et de finitions permettant de proposer de nouvelles normes d&#8217;excellence, de diff\u00e9renciation, d&#8217;innovation et de durabilit\u00e9.<\/p>\n\t<p>+<\/p>\n\t<p>+<\/p>\n\t<h2>L&#8217;Id\u00e9e<\/h2>\n<h3>1 VISION ET CONSEIL<\/h3>\n\t<p>TOUT COMMENCE PAR UNE ID\u00c9E<\/p>\n\t\t\t\t<img loading=\"lazy\" decoding=\"async\" src=\"https:\/\/digrafpackaging.com\/wp-content\/uploads\/LA_IDEA-1.jpg\" alt=\"Todo comienza con una idea, con una percepci\u00f3n global de ella.\" itemprop=\"image\" height=\"1480\" width=\"2220\" title=\"La Idea\" onerror=\"this.style.display='none'\"  \/>\n\t<p>+<\/p>\n\t<p>+<\/p>\n\t<p>L\u00b4ID\u00c9E SE CONSOLIDE<\/p>\n\t\t\t\t<img loading=\"lazy\" decoding=\"async\" src=\"https:\/\/digrafpackaging.com\/wp-content\/uploads\/la_propuesta-1.jpg\" alt=\"Analizamos soluciones concretas y detalladas para el proyecto de packaging que tenemos como objetivo.\" itemprop=\"image\" height=\"1239\" width=\"2220\" title=\"La Propuesta\" onerror=\"this.style.display='none'\"  \/>\n\t<h2>La Proposition<\/h2>\n<h3>2INNOVATION ET D\u00c9VELOPPEMENT DURABLE<\/h3>\n\t<p>+<\/p>\n\t<p>+<\/p>\n\t<h2>LesAm\u00e9liorations<\/h2>\n<h3>3CONCEPTION ET PROTOTYPES<\/h3>\n\t<p>UNE ID\u00c9E QUE VOUS VOYEZ ET SENTEZ<\/p>\n\t\t\t\t<img loading=\"lazy\" decoding=\"async\" src=\"https:\/\/digrafpackaging.com\/wp-content\/uploads\/nosotros-img-Somos.jpg\" alt=\"Digraf Packaging se ha posicionado como referente en la innovaci\u00f3n de la industria del packaging\" itemprop=\"image\" height=\"1242\" width=\"1480\" title=\"Somos\" onerror=\"this.style.display='none'\"  \/>\n\t<p>+<\/p>\n\t<p>+<\/p>\n\t<p>UNE FINITION QUI EST UNE OEUVRE D \u00b4ART<\/p>\n\t\t\t<img decoding=\"async\" loading='false' src=\"https:\/\/digrafpackaging.com\/wp-content\/uploads\/img_portfolio-DIGRAF-mov-21-vinos-scaled.jpg\" alt=\"Detalles de los acabados con estampados dorados y plateados y distintos relieves.\" \/>\t\t\t\n\t\t\t<img decoding=\"async\" loading='false' src=\"https:\/\/digrafpackaging.com\/wp-content\/uploads\/img_portfolio-DIGRAF-mov-LIBANO-licores-scaled.jpg\" alt=\"Packaging para el brandy Libano Herenza. Un estuche elaborado a mano.\" \/>\t\t\t\n\t\t\t<img decoding=\"async\" loading='false' src=\"https:\/\/digrafpackaging.com\/wp-content\/uploads\/img_portfolio-DIGRAF-mov-VIVANCO-vinos-scaled.jpg\" alt=\"Packaging para Vivanco Cuv\u00e9e In\u00e9dita. Estuche para este Reserva Extra Brut.\" \/>\t\t\t\n\t\t\t<img decoding=\"async\" loading='false' src=\"https:\/\/digrafpackaging.com\/wp-content\/uploads\/img_portfolio-DIGRAF-mov-Radio_Boka-vinos-scaled.jpg\" alt=\"Bag in box Radio Boka. Packaging para producto bag in box.\" \/>\t\t\t\n\t<h2>Les Diff\u00e9rences<\/h2>\n<h3>4IMPRESSION ET LES FINITIONS<\/h3>\n\t<p>+<\/p>\n\t<p>+<\/p>\n<h2>\n\t\tAller au D\u00e9tail\n\t<\/h2>\n<h3>\n\t\tEn pensant \u00e0 votre marque \n\t<\/h3>\n\t<p>Depuis nos d\u00e9buts, nous recherchons des \u00e9l\u00e9ments diff\u00e9rentiels qui apportent plus de valeur \u00e0 votre produit. Le design d&#8217;\u00e9tuis plus durables, l&#8217;impression offset apportent une grande garantie dans la repr\u00e9sentation d\u00b4une id\u00e9e, des finitions qui donnent du caract\u00e8re et la possibilit\u00e9 de voir tout termin\u00e9 Avant la production gr\u00e2ce \u00e0 nos prototypes de haute qualit\u00e9.<\/p>\n<h2>\n\t\tConception structurelle\n\t<\/h2>\n\t<p>Un peu d\u00b4archictecture et une touche d&#8217;\u00e9l\u00e9gance. Fonctionnalit\u00e9 et du style . Nous cr\u00e9ons la forme parfaite pour que votre produit se d\u00e9marque.<\/p>\n\t\t\t\t<img loading=\"lazy\" decoding=\"async\" src=\"https:\/\/digrafpackaging.com\/wp-content\/uploads\/procesos-al_detalle-col_01-PAGO-DE-CIRSUS-Digraf_Packaging.webp\" alt=\"Etui de vin Pago&#8230;Packaging de vin\" itemprop=\"image\" height=\"622\" width=\"798\" title=\"PAGO DE CIRSUS Digraf Packaging\" onerror=\"this.style.display='none'\"  \/>\n<h2>\n\t\tPrototypes\n\t<\/h2>\n\t<p>Le design prend vie. Les id\u00e9es et le concept deviennent r\u00e9els. Nous voulons que vous ne l&#8217;ayez pas \u00e0 l&#8217;imaginer.<\/p>\n\t\t\t\t<img loading=\"lazy\" decoding=\"async\" src=\"https:\/\/digrafpackaging.com\/wp-content\/uploads\/procesos-al_detalle-col_02-Digraf_Packaging.jpg\" alt=\"procesos-al_detalle-col_02-Digraf_Packaging\" itemprop=\"image\" height=\"614\" width=\"786\" title=\"procesos-al_detalle-col_02-Digraf_Packaging\" onerror=\"this.style.display='none'\"  \/>\n<h2>\n\t\tImpression\n\t<\/h2>\n\t<p>Une histoire racont\u00e9e avec des couleurs et des textures \u00e0 partir d&#8217;une toile en blanc. La vie pour des id\u00e9es. Nous arrivons toujours \u00e0 trouver la fin du r\u00eave.<\/p>\n\t\t\t\t<img loading=\"lazy\" decoding=\"async\" src=\"https:\/\/digrafpackaging.com\/wp-content\/uploads\/procesos-al_detalle-col_03-Digraf_Packaging.jpg\" alt=\"Colores y texturas a partir de un lienzo en blanco\" itemprop=\"image\" height=\"614\" width=\"786\" title=\"Impresi\u00f3n\" onerror=\"this.style.display='none'\"  \/>\n<h2>\n\t\tDes finitions\n\t<\/h2>\n\t<p>L&#8217;art et les d\u00e9tails enfin ensemble. La mani\u00e8re de cr\u00e9er qui vous distinguera. Notre souhait est que vous ressentiez la perfection.<\/p>\n\t\t\t\t<img loading=\"lazy\" decoding=\"async\" src=\"https:\/\/digrafpackaging.com\/wp-content\/uploads\/procesos-al_detalle-col_04-IJALBA-Digraf_Packaging.jpg\" alt=\"Detalle de la botella de aceite de oliva de Ijalba con variedad de estampaciones y variedades crom\u00e1ticas.\" itemprop=\"image\" height=\"618\" width=\"790\" title=\"Aceite de Oliva Ijalba\" onerror=\"this.style.display='none'\"  \/>\n<h2>\n\t\tUne Marque avec sa Propre Lumi\u00e8re \n\t<\/h2>\n<h3>\n\t\tRESOUDRE VOS DOUTES\n\t<\/h3>\n\t<p>D\u00e9couvrez comme votre marque peut briller de sa propre lumi\u00e8re. Nous voulons renforcer votre pr\u00e9sence sur le march\u00e9 et pour cela, nous nous plongeons dans l&#8217;histoire de votre marque, votre march\u00e9, votre personnalit\u00e9 et vos valeurs. Demandez plus d&#8217;informations et commencez \u00e0 transformer la pr\u00e9sentation de votre produit pour qu&#8217;il laisse la marque Qu&#8217;il m\u00e9rite.<\/p>\n\n","protected":false},"excerpt":{"rendered":"<p>Nous transformons des concepts et des id\u00e9es en packaging et r\u00e9alisations haut-de-gamme. Et nous le faisons gr\u00e2ce au processus et flux de travail con\u00e7us pour couvrir depuis la vision et les conseils initiaux en passant par l&#8217;am\u00e9lioration et perfectionnement du design. Et qui aboutissent avec des techniques d&#8217;impression et de finitions permettant de proposer de&hellip;<\/p>\n","protected":false},"author":1,"featured_media":0,"parent":0,"menu_order":0,"comment_status":"closed","ping_status":"closed","template":"","meta":{"rank_math_lock_modified_date":false,"footnotes":""},"class_list":["post-1238","page","type-page","status-publish","hentry"],"_links":{"self":[{"href":"https:\/\/digrafpackaging.com\/fr\/wp-json\/wp\/v2\/pages\/1238","targetHints":{"allow":["GET"]}}],"collection":[{"href":"https:\/\/digrafpackaging.com\/fr\/wp-json\/wp\/v2\/pages"}],"about":[{"href":"https:\/\/digrafpackaging.com\/fr\/wp-json\/wp\/v2\/types\/page"}],"author":[{"embeddable":true,"href":"https:\/\/digrafpackaging.com\/fr\/wp-json\/wp\/v2\/users\/1"}],"replies":[{"embeddable":true,"href":"https:\/\/digrafpackaging.com\/fr\/wp-json\/wp\/v2\/comments?post=1238"}],"version-history":[{"count":6,"href":"https:\/\/digrafpackaging.com\/fr\/wp-json\/wp\/v2\/pages\/1238\/revisions"}],"predecessor-version":[{"id":1295,"href":"https:\/\/digrafpackaging.com\/fr\/wp-json\/wp\/v2\/pages\/1238\/revisions\/1295"}],"wp:attachment":[{"href":"https:\/\/digrafpackaging.com\/fr\/wp-json\/wp\/v2\/media?parent=1238"}],"curies":[{"name":"wp","href":"https:\/\/api.w.org\/{rel}","templated":true}]}}