{"id":1235,"date":"2024-04-25T09:28:27","date_gmt":"2024-04-25T09:28:27","guid":{"rendered":"https:\/\/digrafpackaging.com\/home\/"},"modified":"2024-07-22T06:01:07","modified_gmt":"2024-07-22T06:01:07","slug":"accueil","status":"publish","type":"page","link":"https:\/\/digrafpackaging.com\/fr\/","title":{"rendered":"ACCUEIL"},"content":{"rendered":"\n<h2>\n\t\tAttractive Packaging\n\t<\/h2>\n<h3>\n\t\t\u00c0 LA RECHERCHE DE LA FORME PARFAITE\n\t<\/h3>\n\t<p>Nous vous invitons \u00e0 un voyage de r\u00eave \u00e0 la recherche de la perfection.<\/p>\n<p>\u00c0 la recherche d&#8217;une oeuvre d&#8217;art naturelle dont nous savons qu&#8217;elle apportera des fortes \u00e9motions de l&#8217;union entre les formes et les textures.<\/p>\n<p>Nous vous invitons \u00e0 un voyage o\u00f9 le temps et l&#8217;espace iront ensemble jusqu&#8217;\u00e0 vous obteniez la forme parfaite imagin\u00e9e un jour. Et afin de cr\u00e9er une sensation m\u00e9morable.<\/p>\n\t<p>+<\/p>\n\t<p>+<\/p>\n\t\t\t<img decoding=\"async\" loading='false' src=\"https:\/\/digrafpackaging.com\/wp-content\/uploads\/img-slider_mov-04.jpg\" alt=\"Packaging para el vino Pago de Carsus.\" \/>\t\t\t\n\t\t\t\t<h2>Appr\u00e9ciez <b>l\u00b4Unique <\/b><\/h2><p>LA BEAUT\u00c9 DE LA SIMPLICIT\u00c9<\/p>\n\t\t\t<a href=\"https:\/\/digrafpackaging.com\/portfolio\/#mygallerymov-1\" target=\"_self\" rel=\"noopener\">\n\t\t\t\t\t\tNos r\u00e9f\u00e9rences\n\t\t\t\t\t<\/a>\n\t\t\t<img decoding=\"async\" loading='false' src=\"https:\/\/digrafpackaging.com\/wp-content\/uploads\/img-slider_mov-02.jpg\" alt=\"Packaging para las distintas modalidades de la firma de caf\u00e9 Nero.\" \/>\t\t\t\n\t\t\t\t<h2>Du <b>Style<\/b> dans chaque \u00e9tui<\/h2><p>Savourez l\u00b4exp\u00e9rience<\/p>\n\t\t\t<a href=\"https:\/\/digrafpackaging.com\/portfolio\/#mygallerymov-3\" target=\"_self\" rel=\"noopener\">\n\t\t\t\t\t\tNos r\u00e9f\u00e9rences\n\t\t\t\t\t<\/a>\n\t\t\t<img decoding=\"async\" loading='false' src=\"https:\/\/digrafpackaging.com\/wp-content\/uploads\/img-slider_mov-03.jpg\" alt=\"Packaging para productos est\u00e9ticos de la firma Ialugen.\" \/>\t\t\t\n\t\t\t\t<h2>Votre <b>Meilleur<\/b> Visage<\/h2><p>Montrez votre essence<\/p>\n\t\t\t<a href=\"https:\/\/digrafpackaging.com\/portfolio\/#mmygallerymov-4\" target=\"_self\" rel=\"noopener\">\n\t\t\t\t\t\tNos r\u00e9f\u00e9rences\n\t\t\t\t\t<\/a>\n\t\t\t<img decoding=\"async\" loading='false' src=\"https:\/\/digrafpackaging.com\/wp-content\/uploads\/img-slider_mov-06.jpg\" alt=\"Packaging para un dentr\u00edfico de la marca Superwhite.\" \/>\t\t\t\n\t\t\t\t<h2>Capturez le <b>Regard<\/b><\/h2><p>Donnez-lui de l\u00b4\u00e9clat<\/p>\n\t\t\t<a href=\"https:\/\/digrafpackaging.com\/portfolio\/#mygallerymov-4\" target=\"_self\" rel=\"noopener\">\n\t\t\t\t\t\tNos r\u00e9f\u00e9rences\n\t\t\t\t\t<\/a>\n\t\t\t<img decoding=\"async\" loading='false' src=\"https:\/\/digrafpackaging.com\/wp-content\/uploads\/img-slider_mov-07.jpg\" alt=\"PLVs y Expositores de productos de la firma Novadiet\" \/>\t\t\t\n\t\t\t\t<h2>Soignez les <b>D\u00e9tails<\/b><\/h2><p>Votre meilleure image<\/p>\n\t\t\t<a href=\"https:\/\/digrafpackaging.com\/portfolio\/#mygallerymov-4\" target=\"_self\" rel=\"noopener\">\n\t\t\t\t\t\tNos r\u00e9f\u00e9rences\n\t\t\t\t\t<\/a>\n\t<p>+<\/p>\n\t<p>+<\/p>\n<h2>\n\t\tA Propos de Nous\n\t<\/h2>\n<h3>\n\t\tINNOVATION ET D\u00c9VELOPPEMENT DURABLE\n\t<\/h3>\n\t<p>Digraf Packaging s&#8217;est positionn\u00e9e comme une r\u00e9f\u00e9rence d&#8217;innovation dans le secteur. Gr\u00e2ce \u00e0 une \u00e9quipe de 50 professionnels en formation continue ayant pour objectif des am\u00e9liorations constantes, nous parvenons \u00e0 offrir un produit de haute qualit\u00e9, en un temps record, au meilleur co\u00fbt possible tout en respectant l&#8217;environnement. C&#8217;est ce que recherchent nos clients. C&#8217;est ce que nous leur proposons.<\/p>\n\t\t\t<a href=\"https:\/\/digrafpackaging.com\/nosotros\/#nosotros_somos\" target=\"_self\" rel=\"noopener\">\n\t\t\t\t\t\tEn savoir plus\n\t\t\t\t\t<\/a>\n\t<p>+<\/p>\n\t<p>+<\/p>\n<h2>\n\t\tNotre Savoir Faire\n\t<\/h2>\n<h3>\n\t\tUn chemin ensemble\n\t<\/h3>\n\t<p>Le d\u00e9veloppement d&#8217;un \u00e9tui ou coffret de haute qualit\u00e9, d&#8217;un pr\u00e9sentoir ou une PLV est un processus long et laborieux qui g\u00e9n\u00e8re parfois de nombreux doutes. Ainsi, en plus d&#8217;offrir des solutions exclusives, nous nous engageons \u00e0 fournir des conseils personnalis\u00e9s tout au long du d\u00e9veloppement du projet, de par notre exp\u00e9rience. Et gr\u00e2ce \u00e0 notre Service de R&amp;D, vous avez la possibilit\u00e9 de recevoir un prototype se rapprochant du format r\u00e9el avec toutes les finitions possibles. Vous n&#8217;avez plus besoin d&#8217;imaginer le r\u00e9sultat final, vous pouvez l&#8217;avoir entre les mains.<\/p>\n\t\t\t\t\t\t\t\t\t\t\t\t<img decoding=\"async\" src=\"http:\/\/digrafpackaging.com\/wp-content\/uploads\/home.bg-saber_hacer-col_01-1.jpg\" alt=\"Digraf Packaging se ha posicionado como referente en la innovaci\u00f3n de la industria del packaging\" \/>\n\t\t\t\t\t\t\t\t<h2>L\u00b4ID\u00c9E<\/h2>\n\t\t\t\t\t\t\t\t\t<p>Nous comprenons et partageons votre vision pour commencer \u00e0 vous conseiller tout au long du d\u00e9veloppement.<\/p>\n\t\t\t\t\t\t\t\t\t\t\t\t<img decoding=\"async\" src=\"http:\/\/digrafpackaging.com\/wp-content\/uploads\/home.bg-saber_hacer-col_02.jpg\" alt=\"LA PROPOSITION\" \/>\n\t\t\t\t\t\t\t\t<h2>LA PROPOSITION<\/h2>\n\t\t\t\t\t\t\t\t\t<p>Nous examinons vos demandes en avance tout en connaissant nos processus, les tendances du march\u00e9 et les possibles innovations.<\/p>\n\t\t\t\t\t\t\t\t\t\t\t\t<img decoding=\"async\" src=\"http:\/\/digrafpackaging.com\/wp-content\/uploads\/home.bg-saber_hacer-col_03.jpg\" alt=\"LES AM\u00c9LIORATIONS\" \/>\n\t\t\t\t\t\t\t\t<h2>LES AM\u00c9LIORATIONS<\/h2>\n\t\t\t\t\t\t\t\t\t<p>Nous mettons en oeuvre et optimisons l&#8217;id\u00e9e initiale gr\u00e2ce \u00e0 une conception efficace et durable. Et vous pouvez compter sur un prototype fiable.<\/p>\n\t\t\t\t\t\t\t\t\t\t\t\t<img decoding=\"async\" src=\"http:\/\/digrafpackaging.com\/wp-content\/uploads\/home.bg-saber_hacer-col_04.jpg\" alt=\"LA DIFF\u00c9RENCE\" \/>\n\t\t\t\t\t\t\t\t<h2>LA DIFF\u00c9RENCE<\/h2>\n\t\t\t\t\t\t\t\t\t<p>La derni\u00e8re phase consiste \u00e0 donner des finitions qui apportent de la personnalit\u00e9, du caract\u00e8re et de la diff\u00e9rence sur un produit appel\u00e9 \u00e0 se d\u00e9marquer.<\/p>\n<h2>\n\t\tD\u00e9couvrez L\u00b4art De Packaging\n\t<\/h2>\n<h3>\n\t\tREJOIGNEZ-NOUS\n\t<\/h3>\n\t<p>Allons y ensemble, faisons ce voyage de d\u00e9couverte et de perfection. D\u00e9couvrons comment votre marque peut se d\u00e9marquer avec le soutien de plus de 30 ans de passion et d&#8217;exp\u00e9rience. Laissez-nous faire partie de votre histoire, en transformant vos id\u00e9es en magnifiques r\u00e9alit\u00e9s. Contactez Digraf d\u00e8s aujourd\u00b4hui et faites le premier pas vers une pr\u00e9sentation de produit qui non seulement fait bonne impression, mais parle le langage de l&#8217;excellence.<\/p>\n\n","protected":false},"excerpt":{"rendered":"<p>Attractive Packaging \u00c0 LA RECHERCHE DE LA FORME PARFAITE Nous vous invitons \u00e0 un voyage de r\u00eave \u00e0 la recherche de la perfection. \u00c0 la recherche d&#8217;une oeuvre d&#8217;art naturelle dont nous savons qu&#8217;elle apportera des fortes \u00e9motions de l&#8217;union entre les formes et les textures. Nous vous invitons \u00e0 un voyage o\u00f9 le temps&hellip;<\/p>\n","protected":false},"author":1,"featured_media":0,"parent":0,"menu_order":0,"comment_status":"closed","ping_status":"closed","template":"","meta":{"rank_math_lock_modified_date":false,"footnotes":""},"class_list":["post-1235","page","type-page","status-publish","hentry"],"_links":{"self":[{"href":"https:\/\/digrafpackaging.com\/fr\/wp-json\/wp\/v2\/pages\/1235","targetHints":{"allow":["GET"]}}],"collection":[{"href":"https:\/\/digrafpackaging.com\/fr\/wp-json\/wp\/v2\/pages"}],"about":[{"href":"https:\/\/digrafpackaging.com\/fr\/wp-json\/wp\/v2\/types\/page"}],"author":[{"embeddable":true,"href":"https:\/\/digrafpackaging.com\/fr\/wp-json\/wp\/v2\/users\/1"}],"replies":[{"embeddable":true,"href":"https:\/\/digrafpackaging.com\/fr\/wp-json\/wp\/v2\/comments?post=1235"}],"version-history":[{"count":12,"href":"https:\/\/digrafpackaging.com\/fr\/wp-json\/wp\/v2\/pages\/1235\/revisions"}],"predecessor-version":[{"id":1398,"href":"https:\/\/digrafpackaging.com\/fr\/wp-json\/wp\/v2\/pages\/1235\/revisions\/1398"}],"wp:attachment":[{"href":"https:\/\/digrafpackaging.com\/fr\/wp-json\/wp\/v2\/media?parent=1235"}],"curies":[{"name":"wp","href":"https:\/\/api.w.org\/{rel}","templated":true}]}}